{"id":5650035,"date":"2017-10-18T09:52:38","date_gmt":"2017-10-18T09:52:38","guid":{"rendered":"http:\/\/norebro.colabr.io\/demo3\/?page_id=276"},"modified":"2025-07-28T12:11:47","modified_gmt":"2025-07-28T12:11:47","slug":"lazareti","status":"publish","type":"page","link":"https:\/\/dubrovackabastina.com\/?page_id=5650035","title":{"rendered":"Lazareti"},"content":{"rendered":"[vc_row full_width=&#8221;stretch_row&#8221;][vc_column][vc_empty_space height=&#8221;90px&#8221; el_class=&#8221;norebro-phone-space&#8221;][\/vc_column][\/vc_row][vc_row full_width=&#8221;stretch_row&#8221;][vc_column width=&#8221;1\/3&#8243;]<div class=\"norebro-heading-sc heading text-left\"\n\tid=\"norebro-custom-69ef67c8da382\" \n\t \n\t>\n\t\n\t\n\t\n\t<h3 class=\"title\">\n\t\tDobro do\u0161li u Lazarete \u2015<br\/>\nmjesto najljep\u0161ih susreta\t<\/h3>\n\n\t\t\t<div class=\"divider\"><\/div>\n\t\n\t\t\n<\/div>[vc_empty_space height=&#8221;10px&#8221;]<div class=\"norebro-text-sc \" \n\tid=\"norebro-custom-69ef67c8da445\" \n\t \n\t>\n\n\t<div style=\"font-weight: 400;\">\n<p>Lazareti su jedina potpuno sa\u010duvana karantenska gra\u0111evina na europskom dijelu Mediterana, pod za\u0161titom UNESCO &#8211; a od 1994. godine.<\/p>\n<p>Odlukom Senata Dubrova\u010dke Republike iz 1590. smje\u0161teni su blizu zidina, na isto\u010dnom ulazu u Grad, sjeci\u0161tu glavnih kopnenih i morskih trgova\u010dkih puteva. Gradnja Lazareta trajala je od 1627. do 1647. godine, a njihova va\u017enost u za\u0161titi Grada od opasnih nevidljivih neprijatelja: kuge i ostalih zaraznih bolesti potvr\u0111ena je kada su 1724. godine progla\u0161eni sastavnim dijelom gradskih utvrda. Nalik su zidinama, a \u010dini ih plato i deset la\u0111a (dvorana) izme\u0111u kojih se nalazi pet unutarnjih dvori\u0161ta.<\/p>\n<p>Danas Lazareti imaju vi\u0161estruku namjenu za umjetnost, zabavu, trgovinu, kongrese, ugostiteljstvo, modu, te ina doga\u0111anja od dru\u0161tvenog interesa i postali su prostor izlazaka i dolazaka ne samo stanovnika Dubrovnika i cijele \u017eupanije ve\u0107 i turista \u010diji se broj svake godine pove\u0107ava.<\/p>\n<p>Komercijalna namjena prostora Lazareta je vrlo va\u017ena jer se na taj na\u010din ovaj vrijedni prostor pribli\u017eio onima kojima i treba biti namijenjen \u2013 ljudima. Na trgu Lazareta su ugostiteljski objekti s odli\u010dnom ponudom hrane i pi\u0107a, prostor u kojem moda dolazi do izra\u017eaja kroz dizajnerski potpisane uratke, tu je i ponos Dubrovnika Folklorni ansambl Lin\u0111o, Art radionica Lazareti, regionalni centar za izgradnju zajednice i razvoj civilnog dru\u0161tva De\u0161a, te studentski teatar Lero.<\/p>\n<\/div>\n\t\n<\/div>[vc_empty_space height=&#8221;20px&#8221;]<ul class=\"norebro-list-box-sc list-box \" \n\tid=\"norebro-custom-69ef67c8da49d\"\n\t \n\t>\n\t\n\t\t\t\n\t\t\t\t<li>\n\t\t\t\t\t\t\t<h4 class=\"title\"><a href=\"https:\/\/dubrovackabastina.com\/?page_id=5669715\" target=\"blank\">Lazareti kroz povijest<\/a><\/h4>\n\t\t\t\t\t<\/li>\n\t\t\n\t\n<\/ul>[vc_empty_space height=&#8221;20px&#8221;]<div class=\"norebro-heading-sc heading text-left\"\n\tid=\"norebro-custom-69ef67c8da4fb\" \n\t \n\t>\n\t\n\t\n\t\n\t<h3 class=\"title\">\n\t\tPratite nas\t<\/h3>\n\n\t\n\t\t\n<\/div>[vc_empty_space height=&#8221;40px&#8221;]<div class=\"norebro-socialbar-sc socialbar  text-left new-tab-links social-column-2 shadow\" \n\tid=\"norebro-custom-69ef67c8da548\" \n\t \n\t>\n\n\t\n\t\t\t<a href=\" https:\/\/www.facebook.com\/Dubrova%C4%8Dka-ba%C5%A1tina-100402618069188\/\" target=\"_blank\" class=\"facebook\">\n\t\t\t\t\t\t<span class=\"icon fa fa-facebook\"><\/span>\n\t\t\t\t\t\t\t\t<\/a>\n\t\n\t\t\t<a href=\" https:\/\/instagram.com\/dubrovackabastina?igshid=vqkqqx1br5va\" target=\"_blank\" class=\"instagram\">\n\t\t\t\t\t\t<span class=\"icon fa fa-instagram\"><\/span>\n\t\t\t\t\t\t\t\t<\/a>\n\t\n\t\n\t\n\t\n\t\n\t\n\t\n\t\n\t\n\t\n\t\n\t\n\t\n\t\n\t\n\t\n\t\n\t\n\t\n\t\n\t\n<\/div>[vc_empty_space height=&#8221;60px&#8221;][\/vc_column][vc_column width=&#8221;1\/3&#8243; css=&#8221;.vc_custom_1502460144933{padding-top: 0px !important;}&#8221;]<div class=\"norebro-heading-sc heading text-left\"\n\tid=\"norebro-custom-69ef67c8da614\" \n\t \n\t>\n\t\n\t\n\t\n\t<h3 class=\"title\">\n\t\tProstori\t<\/h3>\n\n\t\n\t\t\n<\/div>[vc_empty_space height=&#8221;10px&#8221;]<ul class=\"norebro-list-box-sc list-box  style-line\" \n\tid=\"norebro-custom-69ef67c8da65d\"\n\t \n\t>\n\t\n\t\t\t\n\t\t\t\t<li>\n\t\t\t\t\t\t\t<h4 class=\"title\">Multifunkcionalna dvorana 1<\/h4>\n\t\t\t\t\t<\/li>\n\t\t\t\t<li>\n\t\t\t\t\t\t\t<h4 class=\"title\">Terasa 1<\/h4>\n\t\t\t\t\t<\/li>\n\t\t\t\t<li>\n\t\t\t\t\t\t\t<h4 class=\"title\">Multifunkcionalna dvorana 2<\/h4>\n\t\t\t\t\t<\/li>\n\t\t\t\t<li>\n\t\t\t\t\t\t\t<h4 class=\"title\">Multifunkcionalna dvorana 3<\/h4>\n\t\t\t\t\t<\/li>\n\t\t\t\t<li>\n\t\t\t\t\t\t\t<h4 class=\"title\">Terasa 2<\/h4>\n\t\t\t\t\t<\/li>\n\t\t\t\t<li>\n\t\t\t\t\t\t\t<h4 class=\"title\">Multifunkcionalna dvorana 4<\/h4>\n\t\t\t\t\t<\/li>\n\t\t\t\t<li>\n\t\t\t\t\t\t\t<h4 class=\"title\">Multifunkcionalna dvorana 5<\/h4>\n\t\t\t\t\t<\/li>\n\t\t\t\t<li>\n\t\t\t\t\t\t\t<h4 class=\"title\">Terasa 3<\/h4>\n\t\t\t\t\t<\/li>\n\t\t\n\t\n<\/ul>[vc_empty_space height=&#8221;60px&#8221;]<div class=\"norebro-heading-sc heading text-left\"\n\tid=\"norebro-custom-69ef67c8da69d\" \n\t \n\t>\n\t\n\t\n\t\n\t<h3 class=\"title\">\n\t\tKontakt\t<\/h3>\n\n\t\n\t\t\n<\/div>[vc_empty_space]<div class=\"norebro-heading-sc heading text-left\"\n\tid=\"norebro-custom-69ef67c8da6d9\" \n\t \n\t>\n\t\n\t\n\t\n\t<h4 class=\"title\">\n\t\tAdresa\t<\/h4>\n\n\t\n\t\t\t<p class=\"subtitle\">\n\t\t\tFrana Supila 10,<br>20000 Dubrovnik\t\t<\/p>\n\t\t\n<\/div>[vc_empty_space]<div class=\"norebro-heading-sc heading text-left\"\n\tid=\"norebro-custom-69ef67c8da713\" \n\t \n\t>\n\t\n\t\n\t\n\t<h4 class=\"title\">\n\t\tTelefon\t<\/h4>\n\n\t\n\t\t\t<p class=\"subtitle\">\n\t\t\t+385 20 446 184\t\t<\/p>\n\t\t\n<\/div>[vc_empty_space]<div class=\"norebro-heading-sc heading text-left\"\n\tid=\"norebro-custom-69ef67c8da74c\" \n\t \n\t>\n\t\n\t\n\t\n\t<h4 class=\"title\">\n\t\tE - mail\t<\/h4>\n\n\t\n\t\t\t<p class=\"subtitle\">\n\t\t\tinfo@dubrovackabastina.com\t\t<\/p>\n\t\t\n<\/div>[vc_empty_space height=&#8221;60px&#8221;][\/vc_column][vc_column width=&#8221;1\/3&#8243;]<div class=\"norebro-gallery-sc gallery-wrap\"\n\tid=\"norebro-custom-images-69ef67c8db3ce\"\n\tdata-gallery=\"norebro-custom-69ef67c8db3cd\"\n\t data-aos=\"fade-left\"\t>\n\n\t\n\t<div class=\"vc_row norebro-masonry\" data-lazy-container=\"true\">\n\n\t\t\t<div class=\" vc_col-lg-6 vc_col-md-6 vc_col-sm-6 vc_col-xs-6 metro-style masonry-block grid-item gallery-image\" data-gallery-item=\"0\" data-lazy-item=\"true\">\n\t\t<div class=\"wrap\">\n\t\t\t\t\t\t\t<div class=\"tmp-image metro-image\" data-norebro-bg-image=\"https:\/\/dubrovackabastina.com\/wp-content\/uploads\/2019\/12\/Z5D41150-scaled.jpg\"><\/div>\n\t\t\t\t<img class=\"gimg metro-image-hidden\" src=\"https:\/\/dubrovackabastina.com\/wp-content\/uploads\/2019\/12\/Z5D41150-scaled.jpg\" alt=\"\">\n\t\t\t\t\t\t<div class=\"overlay\">\n\t\t\t\t<div class=\"content-center text-center\">\n\t\t\t\t\t<div class=\"wrap\">\n\t\t\t\t\t\t<h4 class=\"inline\">\n\t\t\t\t\t\t\t\t\t\t\t\t\tView Fullscreen\t\t\t\t\t\t\t\t\t\t\t\t<\/h4>\n\t\t\t\t\t\t<div class=\"icon inline ion-ios-plus-empty\"><\/div>\n\t\t\t\t\t<\/div>\n\t\t\t\t<\/div>\n\t\t\t<\/div>\n\t\t\t<div class=\"gallery-description\">\n\t\t\t\t<h3 class=\"title\">Z5D41150<\/h3>\n\t\t\t\t<p class=\"subtitle small\">\n\t\t\t\t\t\t\t\t\t<\/p>\n\t\t\t<\/div>\n\t\t<\/div>\n\t<\/div>\n\t\t\t<div class=\" vc_col-lg-6 vc_col-md-6 vc_col-sm-6 vc_col-xs-6 metro-style masonry-block grid-item gallery-image\" data-gallery-item=\"1\" data-lazy-item=\"true\">\n\t\t<div class=\"wrap\">\n\t\t\t\t\t\t\t<div class=\"tmp-image metro-image\" data-norebro-bg-image=\"https:\/\/dubrovackabastina.com\/wp-content\/uploads\/2019\/12\/Z5D41113-scaled.jpg\"><\/div>\n\t\t\t\t<img class=\"gimg metro-image-hidden\" src=\"https:\/\/dubrovackabastina.com\/wp-content\/uploads\/2019\/12\/Z5D41113-scaled.jpg\" alt=\"\">\n\t\t\t\t\t\t<div class=\"overlay\">\n\t\t\t\t<div class=\"content-center text-center\">\n\t\t\t\t\t<div class=\"wrap\">\n\t\t\t\t\t\t<h4 class=\"inline\">\n\t\t\t\t\t\t\t\t\t\t\t\t\tView Fullscreen\t\t\t\t\t\t\t\t\t\t\t\t<\/h4>\n\t\t\t\t\t\t<div class=\"icon inline ion-ios-plus-empty\"><\/div>\n\t\t\t\t\t<\/div>\n\t\t\t\t<\/div>\n\t\t\t<\/div>\n\t\t\t<div class=\"gallery-description\">\n\t\t\t\t<h3 class=\"title\">Z5D41113<\/h3>\n\t\t\t\t<p class=\"subtitle small\">\n\t\t\t\t\t\t\t\t\t<\/p>\n\t\t\t<\/div>\n\t\t<\/div>\n\t<\/div>\n\t\t\t<div class=\" vc_col-lg-6 vc_col-md-6 vc_col-sm-6 vc_col-xs-6 metro-style masonry-block grid-item gallery-image\" data-gallery-item=\"2\" data-lazy-item=\"true\">\n\t\t<div class=\"wrap\">\n\t\t\t\t\t\t\t<div class=\"tmp-image metro-image\" data-norebro-bg-image=\"https:\/\/dubrovackabastina.com\/wp-content\/uploads\/2019\/12\/TPL_6416-scaled.jpg\"><\/div>\n\t\t\t\t<img class=\"gimg metro-image-hidden\" src=\"https:\/\/dubrovackabastina.com\/wp-content\/uploads\/2019\/12\/TPL_6416-scaled.jpg\" alt=\"\">\n\t\t\t\t\t\t<div class=\"overlay\">\n\t\t\t\t<div class=\"content-center text-center\">\n\t\t\t\t\t<div class=\"wrap\">\n\t\t\t\t\t\t<h4 class=\"inline\">\n\t\t\t\t\t\t\t\t\t\t\t\t\tView Fullscreen\t\t\t\t\t\t\t\t\t\t\t\t<\/h4>\n\t\t\t\t\t\t<div class=\"icon inline ion-ios-plus-empty\"><\/div>\n\t\t\t\t\t<\/div>\n\t\t\t\t<\/div>\n\t\t\t<\/div>\n\t\t\t<div class=\"gallery-description\">\n\t\t\t\t<h3 class=\"title\">TPL_6416<\/h3>\n\t\t\t\t<p class=\"subtitle small\">\n\t\t\t\t\t\t\t\t\t<\/p>\n\t\t\t<\/div>\n\t\t<\/div>\n\t<\/div>\n\t\t\t<div class=\" vc_col-lg-6 vc_col-md-6 vc_col-sm-6 vc_col-xs-6 metro-style masonry-block grid-item gallery-image\" data-gallery-item=\"3\" data-lazy-item=\"true\">\n\t\t<div class=\"wrap\">\n\t\t\t\t\t\t\t<div class=\"tmp-image metro-image\" data-norebro-bg-image=\"https:\/\/dubrovackabastina.com\/wp-content\/uploads\/2019\/12\/Z5D41084-scaled.jpg\"><\/div>\n\t\t\t\t<img class=\"gimg metro-image-hidden\" src=\"https:\/\/dubrovackabastina.com\/wp-content\/uploads\/2019\/12\/Z5D41084-scaled.jpg\" alt=\"\">\n\t\t\t\t\t\t<div class=\"overlay\">\n\t\t\t\t<div class=\"content-center text-center\">\n\t\t\t\t\t<div class=\"wrap\">\n\t\t\t\t\t\t<h4 class=\"inline\">\n\t\t\t\t\t\t\t\t\t\t\t\t\tView Fullscreen\t\t\t\t\t\t\t\t\t\t\t\t<\/h4>\n\t\t\t\t\t\t<div class=\"icon inline ion-ios-plus-empty\"><\/div>\n\t\t\t\t\t<\/div>\n\t\t\t\t<\/div>\n\t\t\t<\/div>\n\t\t\t<div class=\"gallery-description\">\n\t\t\t\t<h3 class=\"title\">Z5D41084<\/h3>\n\t\t\t\t<p class=\"subtitle small\">\n\t\t\t\t\t\t\t\t\t<\/p>\n\t\t\t<\/div>\n\t\t<\/div>\n\t<\/div>\n\t\t\t<div class=\" vc_col-lg-6 vc_col-md-6 vc_col-sm-6 vc_col-xs-6 metro-style masonry-block grid-item gallery-image\" data-gallery-item=\"4\" data-lazy-item=\"true\">\n\t\t<div class=\"wrap\">\n\t\t\t\t\t\t\t<div class=\"tmp-image metro-image\" data-norebro-bg-image=\"https:\/\/dubrovackabastina.com\/wp-content\/uploads\/2019\/12\/TPL_6419-scaled.jpg\"><\/div>\n\t\t\t\t<img class=\"gimg metro-image-hidden\" src=\"https:\/\/dubrovackabastina.com\/wp-content\/uploads\/2019\/12\/TPL_6419-scaled.jpg\" alt=\"\">\n\t\t\t\t\t\t<div class=\"overlay\">\n\t\t\t\t<div class=\"content-center text-center\">\n\t\t\t\t\t<div class=\"wrap\">\n\t\t\t\t\t\t<h4 class=\"inline\">\n\t\t\t\t\t\t\t\t\t\t\t\t\tView Fullscreen\t\t\t\t\t\t\t\t\t\t\t\t<\/h4>\n\t\t\t\t\t\t<div class=\"icon inline ion-ios-plus-empty\"><\/div>\n\t\t\t\t\t<\/div>\n\t\t\t\t<\/div>\n\t\t\t<\/div>\n\t\t\t<div class=\"gallery-description\">\n\t\t\t\t<h3 class=\"title\">TPL_6419<\/h3>\n\t\t\t\t<p class=\"subtitle small\">\n\t\t\t\t\t\t\t\t\t<\/p>\n\t\t\t<\/div>\n\t\t<\/div>\n\t<\/div>\n\t\t\t<div class=\" vc_col-lg-6 vc_col-md-6 vc_col-sm-6 vc_col-xs-6 metro-style masonry-block grid-item gallery-image\" data-gallery-item=\"5\" data-lazy-item=\"true\">\n\t\t<div class=\"wrap\">\n\t\t\t\t\t\t\t<div class=\"tmp-image metro-image\" data-norebro-bg-image=\"https:\/\/dubrovackabastina.com\/wp-content\/uploads\/2019\/12\/Z5D41082-scaled.jpg\"><\/div>\n\t\t\t\t<img class=\"gimg metro-image-hidden\" src=\"https:\/\/dubrovackabastina.com\/wp-content\/uploads\/2019\/12\/Z5D41082-scaled.jpg\" alt=\"\">\n\t\t\t\t\t\t<div class=\"overlay\">\n\t\t\t\t<div class=\"content-center text-center\">\n\t\t\t\t\t<div class=\"wrap\">\n\t\t\t\t\t\t<h4 class=\"inline\">\n\t\t\t\t\t\t\t\t\t\t\t\t\tView Fullscreen\t\t\t\t\t\t\t\t\t\t\t\t<\/h4>\n\t\t\t\t\t\t<div class=\"icon inline ion-ios-plus-empty\"><\/div>\n\t\t\t\t\t<\/div>\n\t\t\t\t<\/div>\n\t\t\t<\/div>\n\t\t\t<div class=\"gallery-description\">\n\t\t\t\t<h3 class=\"title\">Z5D41082<\/h3>\n\t\t\t\t<p class=\"subtitle small\">\n\t\t\t\t\t\t\t\t\t<\/p>\n\t\t\t<\/div>\n\t\t<\/div>\n\t<\/div>\n\t\t\t<div class=\" vc_col-lg-6 vc_col-md-6 vc_col-sm-6 vc_col-xs-6 metro-style masonry-block grid-item gallery-image\" data-gallery-item=\"6\" data-lazy-item=\"true\">\n\t\t<div class=\"wrap\">\n\t\t\t\t\t\t\t<div class=\"tmp-image metro-image\" data-norebro-bg-image=\"https:\/\/dubrovackabastina.com\/wp-content\/uploads\/2019\/12\/Z5D41079-scaled.jpg\"><\/div>\n\t\t\t\t<img class=\"gimg metro-image-hidden\" src=\"https:\/\/dubrovackabastina.com\/wp-content\/uploads\/2019\/12\/Z5D41079-scaled.jpg\" alt=\"\">\n\t\t\t\t\t\t<div class=\"overlay\">\n\t\t\t\t<div class=\"content-center text-center\">\n\t\t\t\t\t<div class=\"wrap\">\n\t\t\t\t\t\t<h4 class=\"inline\">\n\t\t\t\t\t\t\t\t\t\t\t\t\tView Fullscreen\t\t\t\t\t\t\t\t\t\t\t\t<\/h4>\n\t\t\t\t\t\t<div class=\"icon inline ion-ios-plus-empty\"><\/div>\n\t\t\t\t\t<\/div>\n\t\t\t\t<\/div>\n\t\t\t<\/div>\n\t\t\t<div class=\"gallery-description\">\n\t\t\t\t<h3 class=\"title\">Z5D41079<\/h3>\n\t\t\t\t<p class=\"subtitle small\">\n\t\t\t\t\t\t\t\t\t<\/p>\n\t\t\t<\/div>\n\t\t<\/div>\n\t<\/div>\n\t\t\t<div class=\" vc_col-lg-6 vc_col-md-6 vc_col-sm-6 vc_col-xs-6 metro-style masonry-block grid-item gallery-image\" data-gallery-item=\"7\" data-lazy-item=\"true\">\n\t\t<div class=\"wrap\">\n\t\t\t\t\t\t\t<div class=\"tmp-image metro-image\" data-norebro-bg-image=\"https:\/\/dubrovackabastina.com\/wp-content\/uploads\/2019\/12\/Z5D41074-scaled.jpg\"><\/div>\n\t\t\t\t<img class=\"gimg metro-image-hidden\" src=\"https:\/\/dubrovackabastina.com\/wp-content\/uploads\/2019\/12\/Z5D41074-scaled.jpg\" alt=\"\">\n\t\t\t\t\t\t<div class=\"overlay\">\n\t\t\t\t<div class=\"content-center text-center\">\n\t\t\t\t\t<div class=\"wrap\">\n\t\t\t\t\t\t<h4 class=\"inline\">\n\t\t\t\t\t\t\t\t\t\t\t\t\tView Fullscreen\t\t\t\t\t\t\t\t\t\t\t\t<\/h4>\n\t\t\t\t\t\t<div class=\"icon inline ion-ios-plus-empty\"><\/div>\n\t\t\t\t\t<\/div>\n\t\t\t\t<\/div>\n\t\t\t<\/div>\n\t\t\t<div class=\"gallery-description\">\n\t\t\t\t<h3 class=\"title\">Z5D41074<\/h3>\n\t\t\t\t<p class=\"subtitle small\">\n\t\t\t\t\t\t\t\t\t<\/p>\n\t\t\t<\/div>\n\t\t<\/div>\n\t<\/div>\n\t\t\t<div class=\" vc_col-lg-6 vc_col-md-6 vc_col-sm-6 vc_col-xs-6 metro-style masonry-block grid-item gallery-image\" data-gallery-item=\"8\" data-lazy-item=\"true\">\n\t\t<div class=\"wrap\">\n\t\t\t\t\t\t\t<div class=\"tmp-image metro-image\" data-norebro-bg-image=\"https:\/\/dubrovackabastina.com\/wp-content\/uploads\/2019\/12\/Z5D41050-scaled.jpg\"><\/div>\n\t\t\t\t<img class=\"gimg metro-image-hidden\" src=\"https:\/\/dubrovackabastina.com\/wp-content\/uploads\/2019\/12\/Z5D41050-scaled.jpg\" alt=\"\">\n\t\t\t\t\t\t<div class=\"overlay\">\n\t\t\t\t<div class=\"content-center text-center\">\n\t\t\t\t\t<div class=\"wrap\">\n\t\t\t\t\t\t<h4 class=\"inline\">\n\t\t\t\t\t\t\t\t\t\t\t\t\tView Fullscreen\t\t\t\t\t\t\t\t\t\t\t\t<\/h4>\n\t\t\t\t\t\t<div class=\"icon inline ion-ios-plus-empty\"><\/div>\n\t\t\t\t\t<\/div>\n\t\t\t\t<\/div>\n\t\t\t<\/div>\n\t\t\t<div class=\"gallery-description\">\n\t\t\t\t<h3 class=\"title\">Z5D41050<\/h3>\n\t\t\t\t<p class=\"subtitle small\">\n\t\t\t\t\t\t\t\t\t<\/p>\n\t\t\t<\/div>\n\t\t<\/div>\n\t<\/div>\n\t\t\t<div class=\" vc_col-lg-6 vc_col-md-6 vc_col-sm-6 vc_col-xs-6 metro-style masonry-block grid-item gallery-image\" data-gallery-item=\"9\" data-lazy-item=\"true\">\n\t\t<div class=\"wrap\">\n\t\t\t\t\t\t\t<div class=\"tmp-image metro-image\" data-norebro-bg-image=\"https:\/\/dubrovackabastina.com\/wp-content\/uploads\/2019\/12\/TPL_6527-scaled.jpg\"><\/div>\n\t\t\t\t<img class=\"gimg metro-image-hidden\" src=\"https:\/\/dubrovackabastina.com\/wp-content\/uploads\/2019\/12\/TPL_6527-scaled.jpg\" alt=\"\">\n\t\t\t\t\t\t<div class=\"overlay\">\n\t\t\t\t<div class=\"content-center text-center\">\n\t\t\t\t\t<div class=\"wrap\">\n\t\t\t\t\t\t<h4 class=\"inline\">\n\t\t\t\t\t\t\t\t\t\t\t\t\tView Fullscreen\t\t\t\t\t\t\t\t\t\t\t\t<\/h4>\n\t\t\t\t\t\t<div class=\"icon inline ion-ios-plus-empty\"><\/div>\n\t\t\t\t\t<\/div>\n\t\t\t\t<\/div>\n\t\t\t<\/div>\n\t\t\t<div class=\"gallery-description\">\n\t\t\t\t<h3 class=\"title\">TPL_6527<\/h3>\n\t\t\t\t<p class=\"subtitle small\">\n\t\t\t\t\t\t\t\t\t<\/p>\n\t\t\t<\/div>\n\t\t<\/div>\n\t<\/div>\n\t\t\t<div class=\" vc_col-lg-6 vc_col-md-6 vc_col-sm-6 vc_col-xs-6 metro-style masonry-block grid-item gallery-image\" data-gallery-item=\"10\" data-lazy-item=\"true\">\n\t\t<div class=\"wrap\">\n\t\t\t\t\t\t\t<div class=\"tmp-image metro-image\" data-norebro-bg-image=\"https:\/\/dubrovackabastina.com\/wp-content\/uploads\/2019\/12\/TPL_6501-scaled.jpg\"><\/div>\n\t\t\t\t<img class=\"gimg metro-image-hidden\" src=\"https:\/\/dubrovackabastina.com\/wp-content\/uploads\/2019\/12\/TPL_6501-scaled.jpg\" alt=\"\">\n\t\t\t\t\t\t<div class=\"overlay\">\n\t\t\t\t<div class=\"content-center text-center\">\n\t\t\t\t\t<div class=\"wrap\">\n\t\t\t\t\t\t<h4 class=\"inline\">\n\t\t\t\t\t\t\t\t\t\t\t\t\tView Fullscreen\t\t\t\t\t\t\t\t\t\t\t\t<\/h4>\n\t\t\t\t\t\t<div class=\"icon inline ion-ios-plus-empty\"><\/div>\n\t\t\t\t\t<\/div>\n\t\t\t\t<\/div>\n\t\t\t<\/div>\n\t\t\t<div class=\"gallery-description\">\n\t\t\t\t<h3 class=\"title\">TPL_6501<\/h3>\n\t\t\t\t<p class=\"subtitle small\">\n\t\t\t\t\t\t\t\t\t<\/p>\n\t\t\t<\/div>\n\t\t<\/div>\n\t<\/div>\n\t\t\t<div class=\" vc_col-lg-6 vc_col-md-6 vc_col-sm-6 vc_col-xs-6 metro-style masonry-block grid-item gallery-image\" data-gallery-item=\"11\" data-lazy-item=\"true\">\n\t\t<div class=\"wrap\">\n\t\t\t\t\t\t\t<div class=\"tmp-image metro-image\" data-norebro-bg-image=\"https:\/\/dubrovackabastina.com\/wp-content\/uploads\/2019\/12\/GOPR8002-scaled.jpg\"><\/div>\n\t\t\t\t<img class=\"gimg metro-image-hidden\" src=\"https:\/\/dubrovackabastina.com\/wp-content\/uploads\/2019\/12\/GOPR8002-scaled.jpg\" alt=\"\">\n\t\t\t\t\t\t<div class=\"overlay\">\n\t\t\t\t<div class=\"content-center text-center\">\n\t\t\t\t\t<div class=\"wrap\">\n\t\t\t\t\t\t<h4 class=\"inline\">\n\t\t\t\t\t\t\t\t\t\t\t\t\tView Fullscreen\t\t\t\t\t\t\t\t\t\t\t\t<\/h4>\n\t\t\t\t\t\t<div class=\"icon inline ion-ios-plus-empty\"><\/div>\n\t\t\t\t\t<\/div>\n\t\t\t\t<\/div>\n\t\t\t<\/div>\n\t\t\t<div class=\"gallery-description\">\n\t\t\t\t<h3 class=\"title\">DCIM100GOPROGOPR8002.JPG<\/h3>\n\t\t\t\t<p class=\"subtitle small\">\n\t\t\t\t\t\t\t\t\t<\/p>\n\t\t\t<\/div>\n\t\t<\/div>\n\t<\/div>\n\t\t<div class=\"clear\"><\/div>\n\n\t<\/div>\n\n\t\n<\/div>\n\n<div class=\"norebro-gallery-opened-sc custom-gallery\"\n\tid=\"norebro-custom-69ef67c8db3cd\"\n\tdata-options='{\"navClass\":\"\"}'>\n\n\t<div class=\"expand\">\n\t\t<span class=\"ion-android-expand\"><\/span>\n\t<\/div>\n\t<div class=\"close\">\n\t\t<span class=\"ion-ios-close-empty\"><\/span>\n\t<\/div>\n\n<\/div>\n[\/vc_column][\/vc_row][vc_row full_width=&#8221;stretch_row&#8221;][vc_column][vc_empty_space height=&#8221;90px&#8221; el_class=&#8221;norebro-phone-space&#8221;][\/vc_column][\/vc_row]\n","protected":false},"excerpt":{"rendered":"<p>[vc_row full_width=&#8221;stretch_row&#8221;][vc_column][vc_empty_space height=&#8221;90px&#8221; el_class=&#8221;norebro-phone-space&#8221;][\/vc_column][\/vc_row][vc_row full_width=&#8221;stretch_row&#8221;][vc_column width=&#8221;1\/3&#8243;][vc_empty_space height=&#8221;10px&#8221;][vc_empty_space height=&#8221;20px&#8221;][vc_empty_space height=&#8221;20px&#8221;][vc_empty_space height=&#8221;40px&#8221;][vc_empty_space height=&#8221;60px&#8221;][\/vc_column][vc_column width=&#8221;1\/3&#8243; css=&#8221;.vc_custom_1502460144933{padding-top: 0px&#8230;<\/p>\n","protected":false},"author":1,"featured_media":0,"parent":0,"menu_order":0,"comment_status":"closed","ping_status":"closed","template":"","meta":[],"folder":[],"_links":{"self":[{"href":"https:\/\/dubrovackabastina.com\/index.php?rest_route=\/wp\/v2\/pages\/5650035"}],"collection":[{"href":"https:\/\/dubrovackabastina.com\/index.php?rest_route=\/wp\/v2\/pages"}],"about":[{"href":"https:\/\/dubrovackabastina.com\/index.php?rest_route=\/wp\/v2\/types\/page"}],"author":[{"embeddable":true,"href":"https:\/\/dubrovackabastina.com\/index.php?rest_route=\/wp\/v2\/users\/1"}],"replies":[{"embeddable":true,"href":"https:\/\/dubrovackabastina.com\/index.php?rest_route=%2Fwp%2Fv2%2Fcomments&post=5650035"}],"version-history":[{"count":61,"href":"https:\/\/dubrovackabastina.com\/index.php?rest_route=\/wp\/v2\/pages\/5650035\/revisions"}],"predecessor-version":[{"id":5669447,"href":"https:\/\/dubrovackabastina.com\/index.php?rest_route=\/wp\/v2\/pages\/5650035\/revisions\/5669447"}],"wp:attachment":[{"href":"https:\/\/dubrovackabastina.com\/index.php?rest_route=%2Fwp%2Fv2%2Fmedia&parent=5650035"}],"wp:term":[{"taxonomy":"folder","embeddable":true,"href":"https:\/\/dubrovackabastina.com\/index.php?rest_route=%2Fwp%2Fv2%2Ffolder&post=5650035"}],"curies":[{"name":"wp","href":"https:\/\/api.w.org\/{rel}","templated":true}]}}