{"id":5666305,"date":"2020-02-05T10:46:16","date_gmt":"2020-02-05T10:46:16","guid":{"rendered":"http:\/\/www.dubrovackabastina.com\/wp3\/wordpress\/?page_id=5666305"},"modified":"2026-01-21T08:17:14","modified_gmt":"2026-01-21T08:17:14","slug":"pravo-na-pristup-informacijama","status":"publish","type":"page","link":"https:\/\/dubrovackabastina.com\/?page_id=5666305","title":{"rendered":"Pravo na pristup informacijama"},"content":{"rendered":"[vc_row][vc_column][vc_empty_space height=&#8221;100px&#8221;][\/vc_column][\/vc_row][vc_row full_width=&#8221;stretch_row&#8221;][vc_column width=&#8221;1\/2&#8243;]<div class=\"norebro-heading-sc heading text-left\"\n\tid=\"norebro-custom-69f1f6ba89377\" \n\t \n\t>\n\t\n\t\n\t\n\t<h3 class=\"title\">\n\t\tKontakt osoba\t<\/h3>\n\n\t\t\t<div class=\"divider\"><\/div>\n\t\n\t\t\n<\/div><div class=\"norebro-text-sc \" \n\tid=\"norebro-custom-69f1f6ba894d6\" \n\t \n\t>\n\n\t<h6><strong>Zrinka Bukvi\u0107<\/strong><\/h6>\n<p>+385 99 357 4668<\/p>\n<p>pristupinfo@dubrovackabastina.com<\/p>\n<h6><\/h6>\n\t\n<\/div>[vc_empty_space height=&#8221;50px&#8221;][\/vc_column][vc_column width=&#8221;1\/2&#8243; css=&#8221;.vc_custom_1502460144933{padding-top: 0px !important;}&#8221;]<ul class=\"norebro-list-box-sc list-box  style-line border\" \n\tid=\"norebro-custom-69f1f6ba895bc\"\n\t \n\t>\n\t\n\t\t\t\n\t\t\t\t<li>\n\t\t\t\t\t\t\t<h4 class=\"title\"><a href=\"wp-content\/uploads\/2020\/02\/Obrazac-1-Upisnik.doc\">Obrazac 1 - Upisnik<\/a><\/h4>\n\t\t\t\t\t<\/li>\n\t\t\t\t<li>\n\t\t\t\t\t\t\t<h4 class=\"title\"><a href=\"wp-content\/uploads\/2020\/02\/Obrazac-2-Zahtjev-za-pristup-informacijama.doc\">Obrazac 2 - Zahtjev za pristup informacijama<\/a><\/h4>\n\t\t\t\t\t<\/li>\n\t\t\t\t<li>\n\t\t\t\t\t\t\t<h4 class=\"title\"><a href=\"wp-content\/uploads\/2020\/02\/Obrazac-3-Zahtjev-za-dopunu-ili-ispravak-informacije-1.doc\">Obrazac 3 - Zahtjev za dopunu ili ispravak informacije<\/a><\/h4>\n\t\t\t\t\t<\/li>\n\t\t\t\t<li>\n\t\t\t\t\t\t\t<h4 class=\"title\"><a href=\"wp-content\/uploads\/2020\/02\/Obrazac-4-Zahtjev-za-ponovnu-uporabu-informacija-1.doc\">Obrazac 4 - Zahtjev za ponovnu uporabu informacija<\/a><\/h4>\n\t\t\t\t\t<\/li>\n\t\t\t\t<li>\n\t\t\t\t\t\t\t<h4 class=\"title\"><a href=\"wp-content\/uploads\/2020\/02\/Zalba-protiv-rjesenja-pristup-informacijama-5.doc\">\u017dalba  protiv  rje\u0161enja tijela  javne vlasti  kojim je Odbijen  zahtjev za pristup informaciji<\/a><\/h4>\n\t\t\t\t\t<\/li>\n\t\t\t\t<li>\n\t\t\t\t\t\t\t<h4 class=\"title\"><a href=\"wp-content\/uploads\/2020\/02\/Obrazac-2-Zahtjev-za-pristup-informacijama.doc\">Obrazac zahtjeva za ponovnu uporabu informacija<\/a><\/h4>\n\t\t\t\t\t<\/li>\n\t\t\t\t<li>\n\t\t\t\t\t\t\t<h4 class=\"title\"><a href=\"wp-content\/uploads\/2020\/02\/Obrazac-3-Zahtjev-za-dopunu-ili-ispravak-informacije-1.doc\">Obrazac zahtjeva za dopunu ili ispravak informacije<\/a><\/h4>\n\t\t\t\t\t<\/li>\n\t\t\t\t<li>\n\t\t\t\t\t\t\t<h4 class=\"title\"><a href=\"wp-content\/uploads\/2020\/02\/Naknade-za-pristup-informacijama.pdf\">Naknade za pristup informacijama<\/a><\/h4>\n\t\t\t\t\t<\/li>\n\t\t\t\t<li>\n\t\t\t\t\t\t\t<h4 class=\"title\"><a href=\"#\">Obrazac zahtjeva za pristup informacijama<\/a><\/h4>\n\t\t\t\t\t<\/li>\n\t\t\t\t<li>\n\t\t\t\t\t\t\t<h4 class=\"title\"><a href=\"\/wp-content\/uploads\/2021\/03\/izjava-digitalna-pristupa\u010dnost-.docx\">Pristupa\u010dnost mre\u017enih stranica<\/a><\/h4>\n\t\t\t\t\t<\/li>\n\t\t\t\t<li>\n\t\t\t\t\t\t\t<h4 class=\"title\"><a href=\"wp-content\/uploads\/2023\/08\/Zakoni_i_propisi.pdf\">Zakoni i propisi - pravo na pristup informacijama<\/a><\/h4>\n\t\t\t\t\t<\/li>\n\t\t\t\t<li>\n\t\t\t\t\t\t\t<h4 class=\"title\"><a href=\"wp-content\/uploads\/2020\/02\/Zalba-sutnja-uprave-pristup-informacijama.doc\">\u017dalba  zbog nepostupanja tijela javne vlasti po zahtjevu za pristup informaciji tzv. \u201c\u0161utnja uprave\u201d<\/a><\/h4>\n\t\t\t\t\t<\/li>\n\t\t\t\t<li>\n\t\t\t\t\t\t\t<h4 class=\"title\"><a href=\"wp-content\/uploads\/2020\/02\/Godisnje_izvjesce.pdf\">Godi\u0161nje izvje\u0161\u0107e 2019.<\/a><\/h4>\n\t\t\t\t\t<\/li>\n\t\t\t\t<li>\n\t\t\t\t\t\t\t<h4 class=\"title\"><a href=\"\/wp-content\/uploads\/2021\/01\/Godisnje_izvjesce.pdf\">Godi\u0161nje izvje\u0161\u0107e 2020.<\/a><\/h4>\n\t\t\t\t\t<\/li>\n\t\t\t\t<li>\n\t\t\t\t\t\t\t<h4 class=\"title\"><a href=\"\/wp-content\/uploads\/2022\/01\/Godisnje_izvjesce.pdf\">Godi\u0161nje izvje\u0161\u0107e 2021.<\/a><\/h4>\n\t\t\t\t\t<\/li>\n\t\t\t\t<li>\n\t\t\t\t\t\t\t<h4 class=\"title\"><a href=\"wp-content\/uploads\/2023\/02\/Godisnje_izvjesce_2022.pdf\">Godi\u0161nje izvje\u0161\u0107e 2022.<\/a><\/h4>\n\t\t\t\t\t<\/li>\n\t\t\t\t<li>\n\t\t\t\t\t\t\t<h4 class=\"title\"><a href=\"wp-content\/uploads\/2024\/01\/Godisnje_izvjesce_2023.pdf\">Godi\u0161nje izvje\u0161\u0107e 2023.<\/a><\/h4>\n\t\t\t\t\t<\/li>\n\t\t\t\t<li>\n\t\t\t\t\t\t\t<h4 class=\"title\"><a href=\"wp-content\/uploads\/2025\/01\/Godisnje_izvjesce_2024.pdf\">Godi\u0161nje izvje\u0161\u0107e 2024.<\/a><\/h4>\n\t\t\t\t\t<\/li>\n\t\t\t\t<li>\n\t\t\t\t\t\t\t<h4 class=\"title\"><a href=\"wp-content\/uploads\/2026\/01\/Godisnje_izvjesce.pdf\">Godi\u0161nje izvje\u0161\u0107e 2025.<\/a><\/h4>\n\t\t\t\t\t<\/li>\n\t\t\t\t<li>\n\t\t\t\t\t\t\t<h4 class=\"title\"><a href=\"wp-content\/uploads\/2023\/06\/Odluka_o_imenovanju_sluzbenika_za_informiranje.pdf\">Odluka o imenovanju slu\u017ebenika za informiranje<\/a><\/h4>\n\t\t\t\t\t<\/li>\n\t\t\t\t<li>\n\t\t\t\t\t\t\t<h4 class=\"title\"><a href=\"wp-content\/uploads\/2023\/08\/PRAVILNIK_o_pravu_na_pristup_informacijama_u_Dubrovackoj_bastini_d.o.o.pdf\">Pravilnik o pravu na pristup informacijama<\/a><\/h4>\n\t\t\t\t\t<\/li>\n\t\t\n\t\n<\/ul><div class=\"norebro-dynamic-text-sc\" \n\tdata-dynamic-text=\"true\"\n\tdata-dynamic-text-options='{\"strings\":[null],\"typeSpeed\":140,\"backDelay\":5000,\"backSpeed\":35,\"loop\":true}'\n\tid=\"norebro-custom-69f1f6ba8969f\"\n\t\t>\n\t&nbsp;<span class=\"dynamic\"><\/span>&nbsp;<\/div><div class=\"norebro-heading-sc heading text-left\"\n\tid=\"norebro-custom-69f1f6ba8972f\" \n\t \n\t>\n\t\n\t\n\t\n\t<h3 class=\"title\">\n\t\t\t<\/h3>\n\n\t\n\t\t\t<p class=\"subtitle\">\n\t\t\tUPITNIK ZA SAMOPROCJENU TJV SUKLADNO ZPPI\t\t<\/p>\n\t\t\n<\/div><ul class=\"norebro-list-box-sc list-box  style-line border\" \n\tid=\"norebro-custom-69f1f6ba897b8\"\n\t \n\t>\n\t\n\t\t\t\n\t\t\t\t<li>\n\t\t\t\t\t\t\t<h4 class=\"title\"><a href=\"wp-content\/uploads\/2023\/08\/Upitnik-za-samoprocjenu-tjv.xls\">Upitnik za samoprocjenu<\/h4>\n\t\t\t\t\t<\/li>\n\t\t\n\t\n<\/ul>[\/vc_column][\/vc_row][vc_row][vc_column][vc_empty_space height=&#8221;100px&#8221;][\/vc_column][\/vc_row][vc_row][vc_column][vc_empty_space height=&#8221;100px&#8221;][\/vc_column][\/vc_row][vc_row][vc_column]<div class=\"norebro-heading-sc heading text-center\"\n\tid=\"norebro-custom-69f1f6ba89848\" \n\t \n\t>\n\t\n\t\n\t\n\t<h3 class=\"title\">\n\t\t\t<\/h3>\n\n\t\n\t\t\n<\/div>[\/vc_column][\/vc_row]\n","protected":false},"excerpt":{"rendered":"<p>[vc_row][vc_column][vc_empty_space height=&#8221;100px&#8221;][\/vc_column][\/vc_row][vc_row full_width=&#8221;stretch_row&#8221;][vc_column width=&#8221;1\/2&#8243;][vc_empty_space height=&#8221;50px&#8221;][\/vc_column][vc_column width=&#8221;1\/2&#8243; css=&#8221;.vc_custom_1502460144933{padding-top: 0px !important;}&#8221;][\/vc_column][\/vc_row][vc_row][vc_column][vc_empty_space height=&#8221;100px&#8221;][\/vc_column][\/vc_row][vc_row][vc_column][vc_empty_space height=&#8221;100px&#8221;][\/vc_column][\/vc_row][vc_row][vc_column][\/vc_column][\/vc_row]<\/p>\n","protected":false},"author":1,"featured_media":0,"parent":0,"menu_order":0,"comment_status":"closed","ping_status":"closed","template":"","meta":[],"folder":[],"_links":{"self":[{"href":"https:\/\/dubrovackabastina.com\/index.php?rest_route=\/wp\/v2\/pages\/5666305"}],"collection":[{"href":"https:\/\/dubrovackabastina.com\/index.php?rest_route=\/wp\/v2\/pages"}],"about":[{"href":"https:\/\/dubrovackabastina.com\/index.php?rest_route=\/wp\/v2\/types\/page"}],"author":[{"embeddable":true,"href":"https:\/\/dubrovackabastina.com\/index.php?rest_route=\/wp\/v2\/users\/1"}],"replies":[{"embeddable":true,"href":"https:\/\/dubrovackabastina.com\/index.php?rest_route=%2Fwp%2Fv2%2Fcomments&post=5666305"}],"version-history":[{"count":77,"href":"https:\/\/dubrovackabastina.com\/index.php?rest_route=\/wp\/v2\/pages\/5666305\/revisions"}],"predecessor-version":[{"id":5670016,"href":"https:\/\/dubrovackabastina.com\/index.php?rest_route=\/wp\/v2\/pages\/5666305\/revisions\/5670016"}],"wp:attachment":[{"href":"https:\/\/dubrovackabastina.com\/index.php?rest_route=%2Fwp%2Fv2%2Fmedia&parent=5666305"}],"wp:term":[{"taxonomy":"folder","embeddable":true,"href":"https:\/\/dubrovackabastina.com\/index.php?rest_route=%2Fwp%2Fv2%2Ffolder&post=5666305"}],"curies":[{"name":"wp","href":"https:\/\/api.w.org\/{rel}","templated":true}]}}