{"id":5666311,"date":"2020-02-05T11:11:06","date_gmt":"2020-02-05T11:11:06","guid":{"rendered":"http:\/\/www.dubrovackabastina.com\/wp3\/wordpress\/?page_id=5666311"},"modified":"2023-08-21T12:34:46","modified_gmt":"2023-08-21T12:34:46","slug":"zastita-podataka","status":"publish","type":"page","link":"https:\/\/dubrovackabastina.com\/?page_id=5666311","title":{"rendered":"Za\u0161tita podataka"},"content":{"rendered":"[vc_row][vc_column][vc_empty_space height=&#8221;100px&#8221;][\/vc_column][\/vc_row][vc_row full_width=&#8221;stretch_row&#8221;][vc_column width=&#8221;1\/2&#8243;]<div class=\"norebro-heading-sc heading text-left\"\n\tid=\"norebro-custom-69f1f6a7bb50c\" \n\t \n\t>\n\t\n\t\n\t\n\t<h4 class=\"title\">\n\t\tKontakt osoba\t<\/h4>\n\n\t\t\t<div class=\"divider\"><\/div>\n\t\n\t\t\n<\/div>[vc_empty_space height=&#8221;10px&#8221;]<div class=\"norebro-text-sc \" \n\tid=\"norebro-custom-69f1f6a7bb643\" \n\t \n\t>\n\n\t<h6><\/h6>\n<h6><strong>Zrinka Bukvi\u0107<\/strong><\/h6>\n<p>+385 99 357 4668<\/p>\n\t\n<\/div><div class=\"norebro-text-sc \" \n\tid=\"norebro-custom-69f1f6a7bb6db\" \n\t \n\t>\n\n\t<p>dpo@brovackabastina.com<\/p>\n\t\n<\/div>[\/vc_column][vc_column width=&#8221;1\/2&#8243; css=&#8221;.vc_custom_1502460144933{padding-top: 0px !important;}&#8221;]<ul class=\"norebro-list-box-sc list-box  style-line border\" \n\tid=\"norebro-custom-69f1f6a7bb758\"\n\t \n\t>\n\t\n\t\t\t\n\t\t\t\t<li>\n\t\t\t\t\t\t\t<h4 class=\"title\"><a href=\"wp-content\/uploads\/2023\/08\/Odluka_o_imenovanju_sluzbenika_za_zastitu_osobnih_podataka_2.pdf\">Odluka o imenovanju slu\u017ebenika za za\u0161titu podataka<\/a><\/h4>\n\t\t\t\t\t<\/li>\n\t\t\t\t<li>\n\t\t\t\t\t\t\t<h4 class=\"title\"><a href=\"wp-content\/uploads\/2022\/03\/Pravilnik-o-za\u0161titi-osobnih-podataka.pdf\">Pravilnik o za\u0161titi osobnih podataka - Dubrova\u010dka ba\u0161tina d.o.o.<\/a><\/h4>\n\t\t\t\t\t<\/li>\n\t\t\t\t<li>\n\t\t\t\t\t\t\t<h4 class=\"title\"><a href=\"wp-content\/uploads\/2020\/02\/word-Obrazac-zahtjeva-za-prava-ispitanika-prema-GDPR.pdf\">Obrazac zahtjeva za prava ispitanika prema GDPR<\/a><\/h4>\n\t\t\t\t\t<\/li>\n\t\t\t\t<li>\n\t\t\t\t\t\t\t<h4 class=\"title\"><a href=\"wp-content\/uploads\/2020\/02\/word-data-subject-request.pdf\">GDPR data subject request<\/a><\/h4>\n\t\t\t\t\t<\/li>\n\t\t\n\t\n<\/ul>[\/vc_column][\/vc_row][vc_row][vc_column][vc_empty_space height=&#8221;100px&#8221;][\/vc_column][\/vc_row][vc_row][vc_column][vc_empty_space height=&#8221;100px&#8221;][\/vc_column][\/vc_row]\n","protected":false},"excerpt":{"rendered":"<p>[vc_row][vc_column][vc_empty_space height=&#8221;100px&#8221;][\/vc_column][\/vc_row][vc_row full_width=&#8221;stretch_row&#8221;][vc_column width=&#8221;1\/2&#8243;][vc_empty_space height=&#8221;10px&#8221;][\/vc_column][vc_column width=&#8221;1\/2&#8243; css=&#8221;.vc_custom_1502460144933{padding-top: 0px !important;}&#8221;][\/vc_column][\/vc_row][vc_row][vc_column][vc_empty_space height=&#8221;100px&#8221;][\/vc_column][\/vc_row][vc_row][vc_column][vc_empty_space height=&#8221;100px&#8221;][\/vc_column][\/vc_row]<\/p>\n","protected":false},"author":1,"featured_media":0,"parent":0,"menu_order":0,"comment_status":"closed","ping_status":"closed","template":"","meta":[],"folder":[],"_links":{"self":[{"href":"https:\/\/dubrovackabastina.com\/index.php?rest_route=\/wp\/v2\/pages\/5666311"}],"collection":[{"href":"https:\/\/dubrovackabastina.com\/index.php?rest_route=\/wp\/v2\/pages"}],"about":[{"href":"https:\/\/dubrovackabastina.com\/index.php?rest_route=\/wp\/v2\/types\/page"}],"author":[{"embeddable":true,"href":"https:\/\/dubrovackabastina.com\/index.php?rest_route=\/wp\/v2\/users\/1"}],"replies":[{"embeddable":true,"href":"https:\/\/dubrovackabastina.com\/index.php?rest_route=%2Fwp%2Fv2%2Fcomments&post=5666311"}],"version-history":[{"count":33,"href":"https:\/\/dubrovackabastina.com\/index.php?rest_route=\/wp\/v2\/pages\/5666311\/revisions"}],"predecessor-version":[{"id":5668282,"href":"https:\/\/dubrovackabastina.com\/index.php?rest_route=\/wp\/v2\/pages\/5666311\/revisions\/5668282"}],"wp:attachment":[{"href":"https:\/\/dubrovackabastina.com\/index.php?rest_route=%2Fwp%2Fv2%2Fmedia&parent=5666311"}],"wp:term":[{"taxonomy":"folder","embeddable":true,"href":"https:\/\/dubrovackabastina.com\/index.php?rest_route=%2Fwp%2Fv2%2Ffolder&post=5666311"}],"curies":[{"name":"wp","href":"https:\/\/api.w.org\/{rel}","templated":true}]}}