{"id":5666730,"date":"2020-06-22T11:09:04","date_gmt":"2020-06-22T11:09:04","guid":{"rendered":"http:\/\/www.dubrovackabastina.com\/?page_id=5666730"},"modified":"2025-07-23T20:45:12","modified_gmt":"2025-07-23T20:45:12","slug":"naslovna-english-2","status":"publish","type":"page","link":"https:\/\/dubrovackabastina.com\/?lang=en","title":{"rendered":"Naslovna &#8211; English"},"content":{"rendered":"[vc_column][\/vc_column][vc_empty_space height=&#8221;100px&#8221; el_class=&#8221;norebro-phone-space&#8221;][vc_single_image image=&#8221;5666337&#8243; alignment=&#8221;center&#8221;][vc_empty_space]<div class=\"norebro-heading-sc heading nor-heading-xs text-center\"\n\tid=\"norebro-custom-69f0b900af167\" \n\t \n\t>\n\t\n\t\t\t<p class=\"subtitle\">\n\t\t\t\t\t<\/p>\n\t\n\t\n\t<h3 class=\"title subtitle-top\">\n\t\tExperience your most beautiful moments\t<\/h3>\n\n\t\t\t<div class=\"divider\"><\/div>\n\t\n\t\t\n<\/div>[vc_empty_space height=&#8221;10px&#8221;]<div class=\"norebro-text-sc \" \n\tid=\"norebro-custom-69f0b900af1f1\" \n\t \n\t>\n\n\t<p style=\"text-align: center;\">Dubrova\u010dka ba\u0161tina d.o.o. is a company based in Dubrovnik that manages one of the most beautiful historical buildings in our region. The historical facts about the value of these buildings speak for themselves, and our goal is to make these valuable spaces accessible to all potential users interested in renting them.<\/p>\n\t\n<\/div>[vc_empty_space height=&#8221;60px&#8221;][vc_row_inner][vc_column_inner width=&#8221;1\/2&#8243;]<div class=\"norebro-banner-box-sc banner-box overlay-title\"\n\tid=\"norebro-custom-69f0b900af3a1\"\n\t\t>\n\n\t\t\t<div class=\"image-wrap\">\n\t\t\t<img src=\"https:\/\/dubrovackabastina.com\/wp-content\/uploads\/2020\/02\/naslovna-LAZARETI-scaled.jpg\" alt=\"Lazareti\">\n\t\t\t<div class=\"overlay default\">\n\t\t\t\t\t\t\t<\/div>\n\t\t<\/div>\n\t\t<div class=\"content\">\n\n\t\t\t<div class=\"title-wrap\">\n\t\t\t\t<h4>Lazareti<\/h4>\n\t\t\t\t\t\t\t\t<p class=\"subtitle\">The Lazareti complex consists of 10 naves and five multi-purpose terraces.<\/p>\n\t\t\t\t\t\t\t<\/div>\n\n\t\t\t<div class=\"description-wrap\">\n\t\t\t\t<p class=\"description\">The commercial use of the Lazareti space is very important, as it brings this valuable area closer to those it is truly intended for \u2013 the people.<\/p>\n\n\t\t\t\t\t\t\t\t<a class=\"btn btn-small btn-outline\" href=\"https:\/\/dubrovackabastina.com\/?page_id=5666736&#038;lang=en\">\n\t\t\t\t\tLazareti\t\t\t\t\t\t\t\t\t<\/a>\n\t\t\t\t\t\t\t<\/div>\n\n\t\t<\/div>\n\t\n<\/div>\n[vc_empty_space]<div class=\"norebro-banner-box-sc banner-box overlay-title\"\n\tid=\"norebro-custom-69f0b900af57f\"\n\t\t>\n\n\t\t\t<div class=\"image-wrap\">\n\t\t\t<img src=\"https:\/\/dubrovackabastina.com\/wp-content\/uploads\/2025\/07\/346729873.jpg\" alt=\"Dubrovnik Central Accommodation\">\n\t\t\t<div class=\"overlay default\">\n\t\t\t\t\t\t\t<\/div>\n\t\t<\/div>\n\t\t<div class=\"content\">\n\n\t\t\t<div class=\"title-wrap\">\n\t\t\t\t<h4>Dubrovnik Central Accommodation<\/h4>\n\t\t\t\t\t\t\t\t<p class=\"subtitle\">Dubrovnik Central Accommodation offers 10 comfortable and modernly furnished double rooms with private bathrooms<\/p>\n\t\t\t\t\t\t\t<\/div>\n\n\t\t\t<div class=\"description-wrap\">\n\t\t\t\t<p class=\"description\">The location of the accommodation in the very center of the city allows guests to quickly and easily reach the Old Town<\/p>\n\n\t\t\t\t\t\t\t\t<a class=\"btn btn-small btn-outline\" href=\"https:\/\/dubrovackabastina.com\/?page_id=5669656&#038;lang=en\">\n\t\t\t\t\tDubrovnik Central Accommodation\t\t\t\t\t\t\t\t\t<\/a>\n\t\t\t\t\t\t\t<\/div>\n\n\t\t<\/div>\n\t\n<\/div>\n[vc_empty_space][\/vc_column_inner][vc_column_inner width=&#8221;1\/2&#8243;]<div class=\"norebro-banner-box-sc banner-box overlay-title\"\n\tid=\"norebro-custom-69f0b900af757\"\n\t\t>\n\n\t\t\t<div class=\"image-wrap\">\n\t\t\t<img src=\"https:\/\/dubrovackabastina.com\/wp-content\/uploads\/2025\/07\/MaricelPete_DTstudio_169-scaled.jpg\" alt=\"Park Orsula\">\n\t\t\t<div class=\"overlay default\">\n\t\t\t\t\t\t\t<\/div>\n\t\t<\/div>\n\t\t<div class=\"content\">\n\n\t\t\t<div class=\"title-wrap\">\n\t\t\t\t<h4>Park Orsula<\/h4>\n\t\t\t\t\t\t\t<\/div>\n\n\t\t\t<div class=\"description-wrap\">\n\t\t\t\t<p class=\"description\">Park Orsula is a breathtaking and intimate outdoor venue offering one of the most stunning views of Dubrovnik\u2019s Old Town and Lokrum Island, perfect for romantic ceremonies under the sunset.<\/p>\n\n\t\t\t\t\t\t\t\t<a class=\"btn btn-small btn-outline\" href=\"https:\/\/dubrovackabastina.com\/?page_id=5666742&#038;lang=en\">\n\t\t\t\t\tPark Orsula\t\t\t\t\t\t\t\t\t<\/a>\n\t\t\t\t\t\t\t<\/div>\n\n\t\t<\/div>\n\t\n<\/div>\n[vc_empty_space][\/vc_column_inner][\/vc_row_inner][vc_row][vc_column][\/vc_column][\/vc_row][vc_row full_width=&#8221;stretch_row&#8221; css=&#8221;.vc_custom_1582786019093{background: #ffffff url(https:\/\/dubrovackabastina.com\/wp-content\/uploads\/2020\/02\/TPL_6276-scaled.jpg?id=5666347) !important;background-position: center !important;background-repeat: no-repeat !important;background-size: cover !important;}&#8221;][vc_column][vc_empty_space height=&#8221;110px&#8221; el_class=&#8221;norebro-phone-space&#8221;]<div class=\"norebro-heading-sc heading nor-heading-xs text-center\"\n\tid=\"norebro-custom-69f0b900af7fa\" \n\t \n\t>\n\t\n\t\t\t<p class=\"subtitle\">\n\t\t\tAs John Lennon would say:\t\t<\/p>\n\t\n\t\n\t<h3 class=\"title subtitle-top\">\n\t\t'Life is what happens to you<br class=\"vc_hidden-xs\">while you\u2019re busy making other plans'\t<\/h3>\n\n\t\t\t<div class=\"divider\"><\/div>\n\t\n\t\t\n<\/div>[vc_empty_space height=&#8221;10px&#8221;]<div class=\"norebro-text-sc \" \n\tid=\"norebro-custom-69f0b900af84a\" \n\t \n\t>\n\n\t<p style=\"text-align: center;\"><span style=\"color: #ffffff;\">The space of the Lazareti in Dubrovnik offers five naves, with accompanying terraces, and a plateau above the naves for commercial use.<br class=\"vc_hidden-xs\" \/>Likewise, Villa Buni\u0107-Kaboga can be rented for commercial use, <br class=\"vc_hidden-xs\" \/>with accompanying luxury apartments.<\/span><\/p>\n\t\n<\/div>[vc_empty_space height=&#8221;30px&#8221;]\n\t<div class=\"text-center\">\n\t\t<div class=\"norebro-video-module-sc video-module  boxed outline with-anim\"\n\t\tid=\"norebro-custom-69f0b900af881\"\n\t\tdata-video-module=\"https:\/\/dubrovackabastina.com\/wp-content\/uploads\/2020\/01\/Dubrovacka-bastina_kratka_verzija_MOB_WEB_mala.mp4\"\n\t\tdata-video-start=\"0\"\n\t\t\t\t>\n\n\t\t\t<div class=\"btn-play outline\">\n\t\t\t\t<span class=\"icon ion-ios-play\"><\/span>\n\t\t\t<\/div>\n\n\t\t\t\n\t\t<\/div>\n\t<\/div>\n\n[vc_empty_space height=&#8221;120px&#8221; el_class=&#8221;norebro-phone-space&#8221;][\/vc_column][\/vc_row][vc_row full_width=&#8221;stretch_row&#8221; el_class=&#8221;norebro-bg-bottom-right&#8221;][vc_column width=&#8221;5\/12&#8243;][vc_empty_space height=&#8221;100px&#8221; el_class=&#8221;norebro-phone-space&#8221;][vc_single_image image=&#8221;5652062&#8243; img_size=&#8221;full&#8221; css_animation=&#8221;fadeIn&#8221;][\/vc_column][vc_column width=&#8221;1\/12&#8243;][\/vc_column][vc_column width=&#8221;1\/2&#8243;][vc_empty_space height=&#8221;100px&#8221; el_class=&#8221;norebro-phone-space&#8221;]<div class=\"norebro-heading-sc heading nor-heading-xs text-left\"\n\tid=\"norebro-custom-69f0b900af8f2\" \n\t \n\t>\n\t\n\t\t\t<p class=\"subtitle\">\n\t\t\tAll your events will metamorphose into beauty\t\t<\/p>\n\t\n\t\n\t<h3 class=\"title subtitle-top\">\n\t\tWeddings, dinners, congresses, lectures, receptions, anniversaries, festivals\u2026\t<\/h3>\n\n\t\t\t<div class=\"divider\"><\/div>\n\t\n\t\t\n<\/div>[vc_empty_space height=&#8221;10px&#8221;]<div class=\"norebro-text-sc \" \n\tid=\"norebro-custom-69f0b900af949\" \n\t \n\t>\n\n\t<p><span style=\"color: #5c5c5d;\">\u2026are only some of the events that Dubrova\u010dka ba\u0161tina rents its spaces for, on the basis of special terms of use and price list.<\/span><\/p>\n<p><span style=\"vertical-align: inherit;\"><span style=\"vertical-align: inherit;\">Ka\u017ee se da je dobar \u017eivot dobro isplaniran \u017eivot, a kako <\/span><span style=\"vertical-align: inherit;\">je rekao <\/span><\/span><em><span style=\"vertical-align: inherit;\"><span style=\"vertical-align: inherit;\">John Lennon <\/span><\/span><\/em><em><span style=\"vertical-align: inherit;\"><span style=\"vertical-align: inherit;\">: \u201e\u017divot je ono \u0161to ti se doga\u0111a dok si zauzet pravljenjem drugih planova.\u201c<\/span><\/span><\/em><span style=\"vertical-align: inherit;\"><span style=\"vertical-align: inherit;\"> Stoga, isplanirajte svoje najljep\u0161e trenutke u jednom od najljep\u0161ih prostora u Dubrovniku.<\/p>\n\t\n<\/div>[vc_empty_space height=&#8221;30px&#8221;][vc_empty_space height=&#8221;100px&#8221;][\/vc_column][\/vc_row][vc_row full_width=&#8221;stretch_row&#8221; css=&#8221;.vc_custom_1582786506665{background-color: #ffffff !important;}&#8221;][vc_column][vc_empty_space height=&#8221;100px&#8221;]<div class=\"norebro-heading-sc heading text-left\"\n\tid=\"norebro-custom-69f0b900af97d\" \n\t \n\t>\n\t\n\t\n\t\n\t<h2 class=\"title\">\n\t\tEvents\t<\/h2>\n\n\t\t\t<div class=\"divider\"><\/div>\n\t\n\t\t\t<p class=\"subtitle\">\n\t\t\t\t\t<\/p>\n\t\t\n<\/div>[vc_empty_space height=&#8221;60px&#8221;]<div class=\"norebro-text-sc \" \n\tid=\"norebro-custom-69f0b900af9b9\" \n\t \n\t>\n\n\t<div id=\"vsel\" class=\"vsel-container\"><div id=\"event-5670053\" class=\"vsel-content edukacija predavanje prezentacija radionica vsel-past\"><div class=\"vsel-meta\"><h3 class=\"vsel-meta-title\"><a href=\"https:\/\/dubrovackabastina.com\/?event=radionica-vedrana-mezeija-od-ideje-do-publike-vodic-kroz-javni-nastup-i-prezentacijske-vjestine\" rel=\"bookmark\" title=\"RADIONICA VEDRANA MEZEIJA: OD IDEJE DO PUBLIKE \u2013 VODI\u010c KROZ JAVNI NASTUP I PREZENTACIJSKE VJE\u0160TINE\">RADIONICA VEDRANA MEZEIJA: OD IDEJE DO PUBLIKE \u2013 VODI\u010c KROZ JAVNI NASTUP I PREZENTACIJSKE VJE\u0160TINE<\/a><\/h3><p class=\"vsel-meta-date vsel-meta-single-date\"><span>11, March, 2026<\/span><\/p><\/div><div class=\"vsel-image-info\"><a href=\"https:\/\/dubrovackabastina.com\/?event=radionica-vedrana-mezeija-od-ideje-do-publike-vodic-kroz-javni-nastup-i-prezentacijske-vjestine\"><img class =\"vsel-image\" src=\"https:\/\/dubrovackabastina.com\/wp-content\/uploads\/2026\/03\/0001a-vizual-200x200.png\" width=\"200\" height=\"200\" style=\"max-width:24%;\" alt=\"0001a vizual\" \/><\/a><div class=\"vsel-info\"><p>[vc_row][vc_column][vc_empty_space][vc_empty_space][vc_column_text] Na tra\u017eenje publike Vedran Mezei odr\u017eao je 11. o\u017eujka jo\u0161 jednu radionicu o&#8230;<\/p>\n<\/div><\/div><\/div><div id=\"event-5670037\" class=\"vsel-content glazba predavanje vsel-past\"><div class=\"vsel-meta\"><h3 class=\"vsel-meta-title\"><a href=\"https:\/\/dubrovackabastina.com\/?event=predavanje-vedrana-mezeija-valentinovo-na-petak-trinaesti-kad-ljubavni-trokut-napise-pjesmu\" rel=\"bookmark\" title=\"PREDAVANJE VEDRANA MEZEIJA: VALENTINOVO NA PETAK TRINAESTI \u2013 KAD LJUBAVNI TROKUT NAPI\u0160E PJESMU\">PREDAVANJE VEDRANA MEZEIJA: VALENTINOVO NA PETAK TRINAESTI \u2013 KAD LJUBAVNI TROKUT NAPI\u0160E PJESMU<\/a><\/h3><p class=\"vsel-meta-date vsel-meta-single-date\"><span>13, February, 2026<\/span><\/p><\/div><div class=\"vsel-image-info\"><a href=\"https:\/\/dubrovackabastina.com\/?event=predavanje-vedrana-mezeija-valentinovo-na-petak-trinaesti-kad-ljubavni-trokut-napise-pjesmu\"><img class =\"vsel-image\" src=\"https:\/\/dubrovackabastina.com\/wp-content\/uploads\/2026\/02\/Image-FB-event-200x200.png\" width=\"200\" height=\"200\" style=\"max-width:24%;\" alt=\"Image FB event\" \/><\/a><div class=\"vsel-info\"><p>[vc_row][vc_column][vc_empty_space][vc_empty_space][vc_column_text]Uo\u010di Dana zaljubljenih, 13. velja\u010de 2026. u 19 sati Dubrova\u010dka ba\u0161tina organizirala je predavanje&#8230;<\/p>\n<\/div><\/div><\/div><div id=\"event-5670033\" class=\"vsel-content sajam vsel-past\"><div class=\"vsel-meta\"><h3 class=\"vsel-meta-title\"><a href=\"https:\/\/dubrovackabastina.com\/?event=tradicionalni-sajam-u-lazaretima-uz-festu-sv-vlaha\" rel=\"bookmark\" title=\"TRADICIONALNI SAJAM U LAZARETIMA UZ FESTU SV. VLAHA\">TRADICIONALNI SAJAM U LAZARETIMA UZ FESTU SV. VLAHA<\/a><\/h3><p class=\"vsel-meta-date vsel-meta-single-date\"><span>31, January, 2026<\/span><\/p><\/div><div class=\"vsel-image-info\"><a href=\"https:\/\/dubrovackabastina.com\/?event=tradicionalni-sajam-u-lazaretima-uz-festu-sv-vlaha\"><img class =\"vsel-image\" src=\"https:\/\/dubrovackabastina.com\/wp-content\/uploads\/2026\/01\/sajam-lazareti-B2.pdf-200x200.png\" width=\"200\" height=\"200\" style=\"max-width:24%;\" alt=\"sajam lazareti B2.pdf\" \/><\/a><div class=\"vsel-info\"><p>[vc_row][vc_column][vc_empty_space][vc_empty_space][vc_column_text]Od 31. sije\u010dnja do 3. velja\u010de 2026. na Platou Lazareta odr\u017eava se tradiocionalni sajam&#8230;<\/p>\n<\/div><\/div><\/div><div id=\"event-5670003\" class=\"vsel-content izlozba kreativnost vsel-past\"><div class=\"vsel-meta\"><h3 class=\"vsel-meta-title\"><a href=\"https:\/\/dubrovackabastina.com\/?event=izlozba-matka-trebotica-nove-slike-u-lazaretima\" rel=\"bookmark\" title=\"IZLO\u017dBA MATKA TREBOTI\u0106A &#8216;NOVE SLIKE&#8217; U LAZARETIMA\">IZLO\u017dBA MATKA TREBOTI\u0106A &#8216;NOVE SLIKE&#8217; U LAZARETIMA<\/a><\/h3><p class=\"vsel-meta-date vsel-meta-single-date\"><span>20, January, 2026<\/span><\/p><\/div><div class=\"vsel-image-info\"><a href=\"https:\/\/dubrovackabastina.com\/?event=izlozba-matka-trebotica-nove-slike-u-lazaretima\"><img class =\"vsel-image\" src=\"https:\/\/dubrovackabastina.com\/wp-content\/uploads\/2026\/01\/plakat-B1_page-0001-1-200x200.jpg\" width=\"200\" height=\"200\" style=\"max-width:24%;\" alt=\"plakat B1_page-0001\" \/><\/a><div class=\"vsel-info\"><p>[vc_row][vc_column][vc_empty_space][vc_empty_space][vc_column_text]U organizaciji Dubrova\u010dke ba\u0161tine d.o.o. i obitelji Petrovi\u0107 odr\u017eava se jo\u0161 jedna u nizu&#8230;<\/p>\n<\/div><\/div><\/div><div id=\"event-5669949\" class=\"vsel-content edukacija izlozba koncert konferencija kreativnost prezentacija radionica znanost vsel-past\"><div class=\"vsel-meta\"><h3 class=\"vsel-meta-title\"><a href=\"https:\/\/dubrovackabastina.com\/?event=xii-dani-kulturnih-i-kreativnih-industrija\" rel=\"bookmark\" title=\"XII. DANI KREATIVNIH I KULTURNIH INDUSTRIJA\">XII. DANI KREATIVNIH I KULTURNIH INDUSTRIJA<\/a><\/h3><p class=\"vsel-meta-date vsel-meta-single-date\"><span>12, November, 2025<\/span><\/p><\/div><div class=\"vsel-image-info\"><a href=\"https:\/\/dubrovackabastina.com\/?event=xii-dani-kulturnih-i-kreativnih-industrija\"><img class =\"vsel-image\" src=\"https:\/\/dubrovackabastina.com\/wp-content\/uploads\/2025\/11\/578264952_1261074892727539_5722505285131617859_n-200x200.jpg\" width=\"200\" height=\"200\" style=\"max-width:24%;\" alt=\"578264952_1261074892727539_5722505285131617859_n\" \/><\/a><div class=\"vsel-info\"><p>[vc_row][vc_column][vc_empty_space][vc_empty_space][vc_column_text] Dubrova\u010dka razvojna agencija DURA, u suradnji s institucijama, udrugama i pojedincima iz kulturnog,&#8230;<\/p>\n<\/div><\/div><\/div><div id=\"event-5669877\" class=\"vsel-content festival glazba koncert nightlife vsel-past\"><div class=\"vsel-meta\"><h3 class=\"vsel-meta-title\"><a href=\"https:\/\/dubrovackabastina.com\/?event=street-food-festival-foodravanje-2\" rel=\"bookmark\" title=\"DUBROVNIK JAZZ OUTBREAK 2025 FESTIVAL\">DUBROVNIK JAZZ OUTBREAK 2025 FESTIVAL<\/a><\/h3><p class=\"vsel-meta-date vsel-meta-single-date\"><span>7, November, 2025<\/span><\/p><\/div><div class=\"vsel-image-info\"><a href=\"https:\/\/dubrovackabastina.com\/?event=street-food-festival-foodravanje-2\"><img class =\"vsel-image\" src=\"https:\/\/dubrovackabastina.com\/wp-content\/uploads\/2025\/11\/DJO-socials-post-kv-1-1-200x200.png\" width=\"200\" height=\"200\" style=\"max-width:24%;\" alt=\"DJO-socials-post-kv-1-1\" \/><\/a><div class=\"vsel-info\"><p>[vc_row][vc_column][vc_empty_space][vc_empty_space][vc_column_text] Od 7. do 9. studenog, Lazareti su ponovno postali epicentar jazza, umjetnosti i&#8230;<\/p>\n<\/div><\/div><\/div><div class=\"vsel-nav\"><a href=\"https:\/\/dubrovackabastina.com\/index.php?rest_route=%2Fwp%2Fv2%2Fpages%2F5666730&#038;paged=2\" class=\"next\">Next &raquo;<\/a><\/div><\/div>\n\t\n<\/div>[vc_empty_space height=&#8221;120px&#8221;][\/vc_column][\/vc_row][vc_row][vc_column][vc_column_text]<\/span><\/span>[\/vc_column_text][\/vc_column][\/vc_row][vc_row][vc_column][vc_empty_space height=&#8221;100px&#8221; el_class=&#8221;vc_hidden-xs&#8221;][\/vc_column][\/vc_row][vc_row][vc_column]<div class=\"norebro-gallery-sc gallery-wrap\"\n\tid=\"norebro-custom-images-69f0b900b5a02\"\n\tdata-gallery=\"norebro-custom-69f0b900b5a01\"\n\t\t>\n\n\t\n\t<div class=\"vc_row\" data-lazy-container=\"true\">\n\n\t\t\t<div class=\" vc_col-lg-3 vc_col-md-4 vc_col-sm-6 vc_col-xs-12 masonry-block grid-item gallery-image\" data-gallery-item=\"0\" data-lazy-item=\"true\">\n\t\t<div class=\"wrap\">\n\t\t\t\t\t\t\t<img class=\"gimg\" src=\"\" alt=\"\">\n\t\t\t\t\t\t<div class=\"overlay\">\n\t\t\t\t<div class=\"content-center text-center\">\n\t\t\t\t\t<div class=\"wrap\">\n\t\t\t\t\t\t<h4 class=\"inline\">\n\t\t\t\t\t\t\t\t\t\t\t\t\tView Fullscreen\t\t\t\t\t\t\t\t\t\t\t\t<\/h4>\n\t\t\t\t\t\t<div class=\"icon inline ion-ios-plus-empty\"><\/div>\n\t\t\t\t\t<\/div>\n\t\t\t\t<\/div>\n\t\t\t<\/div>\n\t\t\t<div class=\"gallery-description\">\n\t\t\t\t<h3 class=\"title\">DUBROVNIK JAZZ OUTBREAK 2025 FESTIVAL<\/h3>\n\t\t\t\t<p class=\"subtitle small\">\n\t\t\t\t\t\t\t\t\t<\/p>\n\t\t\t<\/div>\n\t\t<\/div>\n\t<\/div>\n\t\t<div class=\"clear\"><\/div>\n\n\t<\/div>\n\n\t\n<\/div>\n\n<div class=\"norebro-gallery-opened-sc custom-gallery\"\n\tid=\"norebro-custom-69f0b900b5a01\"\n\tdata-options='{\"navClass\":\"\"}'>\n\n\t<div class=\"expand\">\n\t\t<span class=\"ion-android-expand\"><\/span>\n\t<\/div>\n\t<div class=\"close\">\n\t\t<span class=\"ion-ios-close-empty\"><\/span>\n\t<\/div>\n\n<\/div>\n[\/vc_column][\/vc_row][vc_row][vc_column]<div class=\"norebro-gallery-sc gallery-wrap\"\n\tid=\"norebro-custom-images-69f0b900b5ac7\"\n\tdata-gallery=\"norebro-custom-69f0b900b5ac6\"\n\t\t>\n\n\t\n\t<div class=\"vc_row\" data-lazy-container=\"true\">\n\n\t\t\t<div class=\" vc_col-lg-3 vc_col-md-4 vc_col-sm-6 vc_col-xs-12 masonry-block grid-item gallery-image\" data-gallery-item=\"0\" data-lazy-item=\"true\">\n\t\t<div class=\"wrap\">\n\t\t\t\t\t\t\t<img class=\"gimg\" src=\"\" alt=\"\">\n\t\t\t\t\t\t<div class=\"overlay\">\n\t\t\t\t<div class=\"content-center text-center\">\n\t\t\t\t\t<div class=\"wrap\">\n\t\t\t\t\t\t<h4 class=\"inline\">\n\t\t\t\t\t\t\t\t\t\t\t\t\tView Fullscreen\t\t\t\t\t\t\t\t\t\t\t\t<\/h4>\n\t\t\t\t\t\t<div class=\"icon inline ion-ios-plus-empty\"><\/div>\n\t\t\t\t\t<\/div>\n\t\t\t\t<\/div>\n\t\t\t<\/div>\n\t\t\t<div class=\"gallery-description\">\n\t\t\t\t<h3 class=\"title\">DUBROVNIK JAZZ OUTBREAK 2025 FESTIVAL<\/h3>\n\t\t\t\t<p class=\"subtitle small\">\n\t\t\t\t\t\t\t\t\t<\/p>\n\t\t\t<\/div>\n\t\t<\/div>\n\t<\/div>\n\t\t<div class=\"clear\"><\/div>\n\n\t<\/div>\n\n\t\n<\/div>\n\n<div class=\"norebro-gallery-opened-sc custom-gallery\"\n\tid=\"norebro-custom-69f0b900b5ac6\"\n\tdata-options='{\"navClass\":\"\"}'>\n\n\t<div class=\"expand\">\n\t\t<span class=\"ion-android-expand\"><\/span>\n\t<\/div>\n\t<div class=\"close\">\n\t\t<span class=\"ion-ios-close-empty\"><\/span>\n\t<\/div>\n\n<\/div>\n[\/vc_column][\/vc_row][vc_row][vc_column][\/vc_column][\/vc_row][vc_row][vc_column][\/vc_column][\/vc_row][vc_row][vc_column][\/vc_column][\/vc_row]\n","protected":false},"excerpt":{"rendered":"<p>[vc_column][\/vc_column][vc_empty_space height=&#8221;100px&#8221; el_class=&#8221;norebro-phone-space&#8221;][vc_single_image image=&#8221;5666337&#8243; alignment=&#8221;center&#8221;][vc_empty_space][vc_empty_space height=&#8221;10px&#8221;][vc_empty_space height=&#8221;60px&#8221;][vc_row_inner][vc_column_inner width=&#8221;1\/2&#8243;][vc_empty_space][vc_empty_space][\/vc_column_inner][vc_column_inner width=&#8221;1\/2&#8243;][vc_empty_space][\/vc_column_inner][\/vc_row_inner][vc_row][vc_column][\/vc_column][\/vc_row][vc_row full_width=&#8221;stretch_row&#8221; css=&#8221;.vc_custom_1582786019093{background: #ffffff url(https:\/\/dubrovackabastina.com\/wp-content\/uploads\/2020\/02\/TPL_6276-scaled.jpg?id=5666347) !important;background-position:&#8230;<\/p>\n","protected":false},"author":1,"featured_media":5669552,"parent":0,"menu_order":0,"comment_status":"closed","ping_status":"closed","template":"","meta":[],"folder":[],"_links":{"self":[{"href":"https:\/\/dubrovackabastina.com\/index.php?rest_route=\/wp\/v2\/pages\/5666730"}],"collection":[{"href":"https:\/\/dubrovackabastina.com\/index.php?rest_route=\/wp\/v2\/pages"}],"about":[{"href":"https:\/\/dubrovackabastina.com\/index.php?rest_route=\/wp\/v2\/types\/page"}],"author":[{"embeddable":true,"href":"https:\/\/dubrovackabastina.com\/index.php?rest_route=\/wp\/v2\/users\/1"}],"replies":[{"embeddable":true,"href":"https:\/\/dubrovackabastina.com\/index.php?rest_route=%2Fwp%2Fv2%2Fcomments&post=5666730"}],"version-history":[{"count":40,"href":"https:\/\/dubrovackabastina.com\/index.php?rest_route=\/wp\/v2\/pages\/5666730\/revisions"}],"predecessor-version":[{"id":5669681,"href":"https:\/\/dubrovackabastina.com\/index.php?rest_route=\/wp\/v2\/pages\/5666730\/revisions\/5669681"}],"wp:featuredmedia":[{"embeddable":true,"href":"https:\/\/dubrovackabastina.com\/index.php?rest_route=\/wp\/v2\/media\/5669552"}],"wp:attachment":[{"href":"https:\/\/dubrovackabastina.com\/index.php?rest_route=%2Fwp%2Fv2%2Fmedia&parent=5666730"}],"wp:term":[{"taxonomy":"folder","embeddable":true,"href":"https:\/\/dubrovackabastina.com\/index.php?rest_route=%2Fwp%2Fv2%2Ffolder&post=5666730"}],"curies":[{"name":"wp","href":"https:\/\/api.w.org\/{rel}","templated":true}]}}